{"id":1370,"date":"2020-01-02T09:28:08","date_gmt":"2020-01-02T09:28:08","guid":{"rendered":"http:\/\/wpdemo.archiwp.com\/engitech\/?page_id=1370"},"modified":"2024-05-08T14:37:27","modified_gmt":"2024-05-08T07:37:27","slug":"contacts","status":"publish","type":"page","link":"https:\/\/hditech.com.vn\/index.php\/contacts\/","title":{"rendered":"Li\u00ean h\u1ec7"},"content":{"rendered":"\t\t<div data-elementor-type=\"wp-page\" data-elementor-id=\"1370\" class=\"elementor elementor-1370\">\n\t\t\t\t\t\t<section class=\"elementor-section elementor-top-section elementor-element elementor-element-8c1b6b2 elementor-section-content-middle ot-traditional elementor-section-boxed elementor-section-height-default elementor-section-height-default\" data-id=\"8c1b6b2\" data-element_type=\"section\">\n\t\t\t\t\t\t<div class=\"elementor-container elementor-column-gap-extended\">\n\t\t\t\t\t<div class=\"elementor-column elementor-col-50 elementor-top-column elementor-element elementor-element-8416bc3 ot-flex-column-vertical\" data-id=\"8416bc3\" data-element_type=\"column\">\n\t\t\t<div class=\"elementor-widget-wrap elementor-element-populated\">\n\t\t\t\t\t\t<div class=\"elementor-element elementor-element-d735292 elementor-widget elementor-widget-iheading\" data-id=\"d735292\" data-element_type=\"widget\" data-widget_type=\"iheading.default\">\n\t\t\t\t<div class=\"elementor-widget-container\">\n\t\t\t\t\t<div class=\"ot-heading\">\r\n\t        \t            <span>Th\u00f4ng tin li\u00ean h\u1ec7<\/span>\r\n\t        <h2 class=\"main-heading\">HDI Vi\u1ec7t Nam<\/h2>\t    <\/div>\r\n\t    \t\t<\/div>\n\t\t\t\t<\/div>\n\t\t\t\t<div class=\"elementor-element elementor-element-d1b9e95 elementor-widget elementor-widget-text-editor\" data-id=\"d1b9e95\" data-element_type=\"widget\" data-widget_type=\"text-editor.default\">\n\t\t\t\t<div class=\"elementor-widget-container\">\n\t\t\t<style>\/*! elementor - v3.21.0 - 30-04-2024 *\/\n.elementor-widget-text-editor.elementor-drop-cap-view-stacked .elementor-drop-cap{background-color:#69727d;color:#fff}.elementor-widget-text-editor.elementor-drop-cap-view-framed .elementor-drop-cap{color:#69727d;border:3px solid;background-color:transparent}.elementor-widget-text-editor:not(.elementor-drop-cap-view-default) .elementor-drop-cap{margin-top:8px}.elementor-widget-text-editor:not(.elementor-drop-cap-view-default) .elementor-drop-cap-letter{width:1em;height:1em}.elementor-widget-text-editor .elementor-drop-cap{float:left;text-align:center;line-height:1;font-size:50px}.elementor-widget-text-editor .elementor-drop-cap-letter{display:inline-block}<\/style>\t\t\t\t<p>H\u00e3y g\u1ecdi cho ch\u00fang t\u00f4i ho\u1eb7c gh\u00e9 qua b\u1ea5t c\u1ee9 l\u00fac n\u00e0o, ch\u00fang t\u00f4i c\u1ed1 g\u1eafng tr\u1ea3 l\u1eddi m\u1ecdi th\u1eafc m\u1eafc trong v\u00f2ng 24 gi\u1edd v\u00e0o c\u00e1c ng\u00e0y l\u00e0m vi\u1ec7c. R\u1ea5t h\u00e2n h\u1ea1nh \u0111\u01b0\u1ee3c tr\u1ea3 l\u1eddi c\u00e2u h\u1ecfi c\u1ee7a b\u1ea1n.<\/p>\t\t\t\t\t\t<\/div>\n\t\t\t\t<\/div>\n\t\t\t\t<div class=\"elementor-element elementor-element-b59a336 elementor-widget elementor-widget-icontact_info\" data-id=\"b59a336\" data-element_type=\"widget\" data-widget_type=\"icontact_info.default\">\n\t\t\t\t<div class=\"elementor-widget-container\">\n\t\t\t\t\t\t\t\t    \t<div class=\"contact-info box-style1\">\r\n\t\t\t\t\t\t\t\t    \t\t        <i class=\"flaticon-world-globe\"><\/i>\t\t\t        <div class=\"info-text\">\r\n\t\t\t        \t<h6>\u0110\u1ecba ch\u1ec9:<\/h6>\r\n\t\t\t        \t<p>D\u01b0\u01a1ng n\u1ed9i, H\u00e0 \u0110\u00f4ng, H\u00e0 N\u1ed9i<\/p>\r\n\t\t\t        <\/div>\r\n\t\t\t    <\/div>\r\n\t\t    \t    \t\t<\/div>\n\t\t\t\t<\/div>\n\t\t\t\t<div class=\"elementor-element elementor-element-4c90f57 elementor-widget elementor-widget-icontact_info\" data-id=\"4c90f57\" data-element_type=\"widget\" data-widget_type=\"icontact_info.default\">\n\t\t\t\t<div class=\"elementor-widget-container\">\n\t\t\t\t\t\t\t\t    \t<div class=\"contact-info box-style1\">\r\n\t\t\t\t\t\t\t\t    \t\t        <i class=\"flaticon-envelope\"><\/i>\t\t\t        <div class=\"info-text\">\r\n\t\t\t        \t<h6>Email:<\/h6>\r\n\t\t\t        \t<p>info@hditech.com.vn<\/p>\r\n\t\t\t        <\/div>\r\n\t\t\t    <\/div>\r\n\t\t    \t    \t\t<\/div>\n\t\t\t\t<\/div>\n\t\t\t\t<div class=\"elementor-element elementor-element-a59e635 elementor-widget elementor-widget-icontact_info\" data-id=\"a59e635\" data-element_type=\"widget\" data-widget_type=\"icontact_info.default\">\n\t\t\t\t<div class=\"elementor-widget-container\">\n\t\t\t\t\t\t\t\t    \t<div class=\"contact-info box-style1\">\r\n\t\t\t\t\t\t\t\t    \t\t        <i class=\"flaticon-phone-1\"><\/i>\t\t\t        <div class=\"info-text\">\r\n\t\t\t        \t<h6>\u0110i\u1ec7n tho\u1ea1i:<\/h6>\r\n\t\t\t        \t<p>+ 84 888 02 12 88     <\/p>\r\n\t\t\t        <\/div>\r\n\t\t\t    <\/div>\r\n\t\t    \t    \t\t<\/div>\n\t\t\t\t<\/div>\n\t\t\t\t\t<\/div>\n\t\t<\/div>\n\t\t\t\t<div class=\"elementor-column elementor-col-50 elementor-top-column elementor-element elementor-element-add1e18 ot-flex-column-vertical\" data-id=\"add1e18\" data-element_type=\"column\">\n\t\t\t<div class=\"elementor-widget-wrap elementor-element-populated\">\n\t\t\t\t\t\t<div class=\"elementor-element elementor-element-5c60825 elementor-widget elementor-widget-shortcode\" data-id=\"5c60825\" data-element_type=\"widget\" data-widget_type=\"shortcode.default\">\n\t\t\t\t<div class=\"elementor-widget-container\">\n\t\t\t\t\t<div class=\"elementor-shortcode\">\n<div class=\"wpcf7 no-js\" id=\"wpcf7-f1379-o1\" lang=\"en-US\" dir=\"ltr\">\n<div class=\"screen-reader-response\"><p role=\"status\" aria-live=\"polite\" aria-atomic=\"true\"><\/p> <ul><\/ul><\/div>\n<form action=\"\/index.php\/wp-json\/wp\/v2\/pages\/1370#wpcf7-f1379-o1\" method=\"post\" class=\"wpcf7-form init\" aria-label=\"Contact form\" novalidate=\"novalidate\" data-status=\"init\">\n<div style=\"display: none;\">\n<input type=\"hidden\" name=\"_wpcf7\" value=\"1379\" \/>\n<input type=\"hidden\" name=\"_wpcf7_version\" value=\"5.9.4\" \/>\n<input type=\"hidden\" name=\"_wpcf7_locale\" value=\"en_US\" \/>\n<input type=\"hidden\" name=\"_wpcf7_unit_tag\" value=\"wpcf7-f1379-o1\" \/>\n<input type=\"hidden\" name=\"_wpcf7_container_post\" value=\"0\" \/>\n<input type=\"hidden\" name=\"_wpcf7_posted_data_hash\" value=\"\" \/>\n<\/div>\n<div class=\"main-form\">\n\t<h2>H\u00e3y li\u00ean h\u1ec7 v\u1edbi ch\u00fang t\u00f4i\n\t<\/h2>\n\t<p class=\"font14\">Vui l\u00f2ng nh\u1eadp \u0111\u1ea7y \u0111\u1ee7 th\u00f4ng tin, th\u00f4ng tin y\u00eau c\u1ea7u nh\u1eadp \u0111\u00e1nh d\u1ea5u (*)\n\t<\/p>\n\t<p><span class=\"wpcf7-form-control-wrap\" data-name=\"your-name\"><input size=\"40\" class=\"wpcf7-form-control wpcf7-text wpcf7-validates-as-required\" aria-required=\"true\" aria-invalid=\"false\" placeholder=\"T\u00ean c\u1ee7a b\u1ea1n (*)\" value=\"\" type=\"text\" name=\"your-name\" \/><\/span>\n\t<\/p>\n\t<p><span class=\"wpcf7-form-control-wrap\" data-name=\"your-email\"><input size=\"40\" class=\"wpcf7-form-control wpcf7-email wpcf7-validates-as-required wpcf7-text wpcf7-validates-as-email\" aria-required=\"true\" aria-invalid=\"false\" placeholder=\"\u0110\u1ecba ch\u1ec9 email (*)\" value=\"\" type=\"email\" name=\"your-email\" \/><\/span>\n\t<\/p>\n\t<p><span class=\"wpcf7-form-control-wrap\" data-name=\"your-message\"><textarea cols=\"40\" rows=\"10\" class=\"wpcf7-form-control wpcf7-textarea\" aria-invalid=\"false\" placeholder=\"N\u1ed9i dung ...\" name=\"your-message\"><\/textarea><\/span>\n\t<\/p>\n\t<p><button type=\"submit\" class=\"octf-btn octf-btn-light\">G\u1eedi li\u00ean h\u1ec7<\/button>\n\t<\/p>\n<\/div><p style=\"display: none !important;\" class=\"akismet-fields-container\" data-prefix=\"_wpcf7_ak_\"><label>&#916;<textarea name=\"_wpcf7_ak_hp_textarea\" cols=\"45\" rows=\"8\" maxlength=\"100\"><\/textarea><\/label><input type=\"hidden\" id=\"ak_js_1\" name=\"_wpcf7_ak_js\" value=\"120\"\/><script>document.getElementById( \"ak_js_1\" ).setAttribute( \"value\", ( new Date() ).getTime() );<\/script><\/p><div class=\"wpcf7-response-output\" aria-hidden=\"true\"><\/div>\n<\/form>\n<\/div>\n<\/div>\n\t\t\t\t<\/div>\n\t\t\t\t<\/div>\n\t\t\t\t\t<\/div>\n\t\t<\/div>\n\t\t\t\t\t<\/div>\n\t\t<\/section>\n\t\t\t\t<section class=\"elementor-section elementor-top-section elementor-element elementor-element-aba0bc8 elementor-section-full_width ot-traditional elementor-section-height-default elementor-section-height-default\" data-id=\"aba0bc8\" data-element_type=\"section\">\n\t\t\t\t\t\t<div class=\"elementor-container elementor-column-gap-default\">\n\t\t\t\t\t<div class=\"elementor-column elementor-col-100 elementor-top-column elementor-element elementor-element-aa84c84 ot-flex-column-vertical\" data-id=\"aa84c84\" data-element_type=\"column\">\n\t\t\t<div class=\"elementor-widget-wrap elementor-element-populated\">\n\t\t\t\t\t\t<div class=\"elementor-element elementor-element-1952363 elementor-widget elementor-widget-google_maps\" data-id=\"1952363\" data-element_type=\"widget\" data-widget_type=\"google_maps.default\">\n\t\t\t\t<div class=\"elementor-widget-container\">\n\t\t\t<style>\/*! elementor - v3.21.0 - 30-04-2024 *\/\n.elementor-widget-google_maps .elementor-widget-container{overflow:hidden}.elementor-widget-google_maps .elementor-custom-embed{line-height:0}.elementor-widget-google_maps iframe{height:300px}<\/style>\t\t<div class=\"elementor-custom-embed\">\n\t\t\t<iframe loading=\"lazy\"\n\t\t\t\t\tsrc=\"https:\/\/maps.google.com\/maps?q=Ch%C3%B9a%20v%C3%B5%2C%20D%C6%B0%C6%A1ng%20n%E1%BB%99i%2C%20Qu%E1%BA%ADn%20H%C3%A0%20%C4%90%C3%B4ng%2C%20H%C3%A0%20N%E1%BB%99i&#038;t=m&#038;z=10&#038;output=embed&#038;iwloc=near\"\n\t\t\t\t\ttitle=\"Ch\u00f9a v\u00f5, D\u01b0\u01a1ng n\u1ed9i, Qu\u1eadn H\u00e0 \u0110\u00f4ng, H\u00e0 N\u1ed9i\"\n\t\t\t\t\taria-label=\"Ch\u00f9a v\u00f5, D\u01b0\u01a1ng n\u1ed9i, Qu\u1eadn H\u00e0 \u0110\u00f4ng, H\u00e0 N\u1ed9i\"\n\t\t\t><\/iframe>\n\t\t<\/div>\n\t\t\t\t<\/div>\n\t\t\t\t<\/div>\n\t\t\t\t\t<\/div>\n\t\t<\/div>\n\t\t\t\t\t<\/div>\n\t\t<\/section>\n\t\t\t\t<\/div>\n\t\t","protected":false},"excerpt":{"rendered":"<p>Th\u00f4ng tin li\u00ean h\u1ec7 HDI Vi\u1ec7t Nam H\u00e3y g\u1ecdi cho ch\u00fang t\u00f4i ho\u1eb7c gh\u00e9 qua b\u1ea5t c\u1ee9 l\u00fac n\u00e0o, ch\u00fang t\u00f4i c\u1ed1 g\u1eafng tr\u1ea3 l\u1eddi m\u1ecdi th\u1eafc m\u1eafc trong v\u00f2ng 24 gi\u1edd v\u00e0o c\u00e1c ng\u00e0y l\u00e0m vi\u1ec7c. R\u1ea5t h\u00e2n h\u1ea1nh \u0111\u01b0\u1ee3c tr\u1ea3 l\u1eddi c\u00e2u h\u1ecfi c\u1ee7a b\u1ea1n. \u0110\u1ecba ch\u1ec9: D\u01b0\u01a1ng n\u1ed9i, H\u00e0 \u0110\u00f4ng, H\u00e0 N\u1ed9i [&hellip;]<\/p>\n","protected":false},"author":1,"featured_media":0,"parent":0,"menu_order":0,"comment_status":"closed","ping_status":"closed","template":"","meta":{"footnotes":""},"class_list":["post-1370","page","type-page","status-publish","hentry"],"yoast_head":"<!-- This site is optimized with the Yoast SEO plugin v22.6 - https:\/\/yoast.com\/wordpress\/plugins\/seo\/ -->\n<title>Li\u00ean h\u1ec7 - C\u00f4ng ty c\u1ed5 ph\u1ea7n XNK \u0110\u1ea7u t\u01b0 v\u00e0 C\u00f4ng ngh\u1ec7 HD Vi\u1ec7t Nam<\/title>\n<meta name=\"robots\" content=\"index, follow, max-snippet:-1, max-image-preview:large, max-video-preview:-1\" \/>\n<link rel=\"canonical\" href=\"https:\/\/hditech.com.vn\/index.php\/contacts\/\" \/>\n<meta property=\"og:locale\" content=\"vi_VN\" \/>\n<meta property=\"og:type\" content=\"article\" \/>\n<meta property=\"og:title\" content=\"Li\u00ean h\u1ec7 - C\u00f4ng ty c\u1ed5 ph\u1ea7n XNK \u0110\u1ea7u t\u01b0 v\u00e0 C\u00f4ng ngh\u1ec7 HD Vi\u1ec7t Nam\" \/>\n<meta property=\"og:description\" content=\"Th\u00f4ng tin li\u00ean h\u1ec7 HDI Vi\u1ec7t Nam H\u00e3y g\u1ecdi cho ch\u00fang t\u00f4i ho\u1eb7c gh\u00e9 qua b\u1ea5t c\u1ee9 l\u00fac n\u00e0o, ch\u00fang t\u00f4i c\u1ed1 g\u1eafng tr\u1ea3 l\u1eddi m\u1ecdi th\u1eafc m\u1eafc trong v\u00f2ng 24 gi\u1edd v\u00e0o c\u00e1c ng\u00e0y l\u00e0m vi\u1ec7c. R\u1ea5t h\u00e2n h\u1ea1nh \u0111\u01b0\u1ee3c tr\u1ea3 l\u1eddi c\u00e2u h\u1ecfi c\u1ee7a b\u1ea1n. \u0110\u1ecba ch\u1ec9: D\u01b0\u01a1ng n\u1ed9i, H\u00e0 \u0110\u00f4ng, H\u00e0 N\u1ed9i [&hellip;]\" \/>\n<meta property=\"og:url\" content=\"https:\/\/hditech.com.vn\/index.php\/contacts\/\" \/>\n<meta property=\"og:site_name\" content=\"C\u00f4ng ty c\u1ed5 ph\u1ea7n XNK \u0110\u1ea7u t\u01b0 v\u00e0 C\u00f4ng ngh\u1ec7 HD Vi\u1ec7t Nam\" \/>\n<meta property=\"article:modified_time\" content=\"2024-05-08T07:37:27+00:00\" \/>\n<meta name=\"twitter:card\" content=\"summary_large_image\" \/>\n<meta name=\"twitter:label1\" content=\"\u01af\u1edbc t\u00ednh th\u1eddi gian \u0111\u1ecdc\" \/>\n\t<meta name=\"twitter:data1\" content=\"1 ph\u00fat\" \/>\n<script type=\"application\/ld+json\" class=\"yoast-schema-graph\">{\"@context\":\"https:\/\/schema.org\",\"@graph\":[{\"@type\":\"WebPage\",\"@id\":\"https:\/\/hditech.com.vn\/index.php\/contacts\/\",\"url\":\"https:\/\/hditech.com.vn\/index.php\/contacts\/\",\"name\":\"Li\u00ean h\u1ec7 - C\u00f4ng ty c\u1ed5 ph\u1ea7n XNK \u0110\u1ea7u t\u01b0 v\u00e0 C\u00f4ng ngh\u1ec7 HD Vi\u1ec7t Nam\",\"isPartOf\":{\"@id\":\"https:\/\/hditech.com.vn\/#website\"},\"datePublished\":\"2020-01-02T09:28:08+00:00\",\"dateModified\":\"2024-05-08T07:37:27+00:00\",\"breadcrumb\":{\"@id\":\"https:\/\/hditech.com.vn\/index.php\/contacts\/#breadcrumb\"},\"inLanguage\":\"vi\",\"potentialAction\":[{\"@type\":\"ReadAction\",\"target\":[\"https:\/\/hditech.com.vn\/index.php\/contacts\/\"]}]},{\"@type\":\"BreadcrumbList\",\"@id\":\"https:\/\/hditech.com.vn\/index.php\/contacts\/#breadcrumb\",\"itemListElement\":[{\"@type\":\"ListItem\",\"position\":1,\"name\":\"Home\",\"item\":\"https:\/\/hditech.com.vn\/\"},{\"@type\":\"ListItem\",\"position\":2,\"name\":\"Li\u00ean h\u1ec7\"}]},{\"@type\":\"WebSite\",\"@id\":\"https:\/\/hditech.com.vn\/#website\",\"url\":\"https:\/\/hditech.com.vn\/\",\"name\":\"C\u00f4ng ty c\u1ed5 ph\u1ea7n XNK \u0110\u1ea7u t\u01b0 v\u00e0 C\u00f4ng ngh\u1ec7 HD Vi\u1ec7t Nam\",\"description\":\"Ki\u1ebfn t\u1ea1o t\u01b0\u01a1ng lai\",\"potentialAction\":[{\"@type\":\"SearchAction\",\"target\":{\"@type\":\"EntryPoint\",\"urlTemplate\":\"https:\/\/hditech.com.vn\/?s={search_term_string}\"},\"query-input\":\"required name=search_term_string\"}],\"inLanguage\":\"vi\"}]}<\/script>\n<!-- \/ Yoast SEO plugin. -->","yoast_head_json":{"title":"Li\u00ean h\u1ec7 - C\u00f4ng ty c\u1ed5 ph\u1ea7n XNK \u0110\u1ea7u t\u01b0 v\u00e0 C\u00f4ng ngh\u1ec7 HD Vi\u1ec7t Nam","robots":{"index":"index","follow":"follow","max-snippet":"max-snippet:-1","max-image-preview":"max-image-preview:large","max-video-preview":"max-video-preview:-1"},"canonical":"https:\/\/hditech.com.vn\/index.php\/contacts\/","og_locale":"vi_VN","og_type":"article","og_title":"Li\u00ean h\u1ec7 - C\u00f4ng ty c\u1ed5 ph\u1ea7n XNK \u0110\u1ea7u t\u01b0 v\u00e0 C\u00f4ng ngh\u1ec7 HD Vi\u1ec7t Nam","og_description":"Th\u00f4ng tin li\u00ean h\u1ec7 HDI Vi\u1ec7t Nam H\u00e3y g\u1ecdi cho ch\u00fang t\u00f4i ho\u1eb7c gh\u00e9 qua b\u1ea5t c\u1ee9 l\u00fac n\u00e0o, ch\u00fang t\u00f4i c\u1ed1 g\u1eafng tr\u1ea3 l\u1eddi m\u1ecdi th\u1eafc m\u1eafc trong v\u00f2ng 24 gi\u1edd v\u00e0o c\u00e1c ng\u00e0y l\u00e0m vi\u1ec7c. R\u1ea5t h\u00e2n h\u1ea1nh \u0111\u01b0\u1ee3c tr\u1ea3 l\u1eddi c\u00e2u h\u1ecfi c\u1ee7a b\u1ea1n. \u0110\u1ecba ch\u1ec9: D\u01b0\u01a1ng n\u1ed9i, H\u00e0 \u0110\u00f4ng, H\u00e0 N\u1ed9i [&hellip;]","og_url":"https:\/\/hditech.com.vn\/index.php\/contacts\/","og_site_name":"C\u00f4ng ty c\u1ed5 ph\u1ea7n XNK \u0110\u1ea7u t\u01b0 v\u00e0 C\u00f4ng ngh\u1ec7 HD Vi\u1ec7t Nam","article_modified_time":"2024-05-08T07:37:27+00:00","twitter_card":"summary_large_image","twitter_misc":{"\u01af\u1edbc t\u00ednh th\u1eddi gian \u0111\u1ecdc":"1 ph\u00fat"},"schema":{"@context":"https:\/\/schema.org","@graph":[{"@type":"WebPage","@id":"https:\/\/hditech.com.vn\/index.php\/contacts\/","url":"https:\/\/hditech.com.vn\/index.php\/contacts\/","name":"Li\u00ean h\u1ec7 - C\u00f4ng ty c\u1ed5 ph\u1ea7n XNK \u0110\u1ea7u t\u01b0 v\u00e0 C\u00f4ng ngh\u1ec7 HD Vi\u1ec7t Nam","isPartOf":{"@id":"https:\/\/hditech.com.vn\/#website"},"datePublished":"2020-01-02T09:28:08+00:00","dateModified":"2024-05-08T07:37:27+00:00","breadcrumb":{"@id":"https:\/\/hditech.com.vn\/index.php\/contacts\/#breadcrumb"},"inLanguage":"vi","potentialAction":[{"@type":"ReadAction","target":["https:\/\/hditech.com.vn\/index.php\/contacts\/"]}]},{"@type":"BreadcrumbList","@id":"https:\/\/hditech.com.vn\/index.php\/contacts\/#breadcrumb","itemListElement":[{"@type":"ListItem","position":1,"name":"Home","item":"https:\/\/hditech.com.vn\/"},{"@type":"ListItem","position":2,"name":"Li\u00ean h\u1ec7"}]},{"@type":"WebSite","@id":"https:\/\/hditech.com.vn\/#website","url":"https:\/\/hditech.com.vn\/","name":"C\u00f4ng ty c\u1ed5 ph\u1ea7n XNK \u0110\u1ea7u t\u01b0 v\u00e0 C\u00f4ng ngh\u1ec7 HD Vi\u1ec7t Nam","description":"Ki\u1ebfn t\u1ea1o t\u01b0\u01a1ng lai","potentialAction":[{"@type":"SearchAction","target":{"@type":"EntryPoint","urlTemplate":"https:\/\/hditech.com.vn\/?s={search_term_string}"},"query-input":"required name=search_term_string"}],"inLanguage":"vi"}]}},"_links":{"self":[{"href":"https:\/\/hditech.com.vn\/index.php\/wp-json\/wp\/v2\/pages\/1370","targetHints":{"allow":["GET"]}}],"collection":[{"href":"https:\/\/hditech.com.vn\/index.php\/wp-json\/wp\/v2\/pages"}],"about":[{"href":"https:\/\/hditech.com.vn\/index.php\/wp-json\/wp\/v2\/types\/page"}],"author":[{"embeddable":true,"href":"https:\/\/hditech.com.vn\/index.php\/wp-json\/wp\/v2\/users\/1"}],"replies":[{"embeddable":true,"href":"https:\/\/hditech.com.vn\/index.php\/wp-json\/wp\/v2\/comments?post=1370"}],"version-history":[{"count":23,"href":"https:\/\/hditech.com.vn\/index.php\/wp-json\/wp\/v2\/pages\/1370\/revisions"}],"predecessor-version":[{"id":5270,"href":"https:\/\/hditech.com.vn\/index.php\/wp-json\/wp\/v2\/pages\/1370\/revisions\/5270"}],"wp:attachment":[{"href":"https:\/\/hditech.com.vn\/index.php\/wp-json\/wp\/v2\/media?parent=1370"}],"curies":[{"name":"wp","href":"https:\/\/api.w.org\/{rel}","templated":true}]}}